{"id":1703,"date":"2021-03-10T20:17:31","date_gmt":"2021-03-11T02:17:31","guid":{"rendered":"https:\/\/naturalia.org.mx\/WP\/?page_id=1703"},"modified":"2021-03-10T20:31:39","modified_gmt":"2021-03-11T02:31:39","slug":"aviso-de-privacidad","status":"publish","type":"page","link":"https:\/\/naturalia.org.mx\/WP\/aviso-de-privacidad\/","title":{"rendered":"Aviso de privacidad"},"content":{"rendered":"\t\t<div data-elementor-type=\"wp-page\" data-elementor-id=\"1703\" class=\"elementor elementor-1703\" data-elementor-post-type=\"page\">\n\t\t\t\t\t\t<section class=\"elementor-section elementor-top-section elementor-element elementor-element-738ae35 elementor-section-boxed elementor-section-height-default elementor-section-height-default\" data-id=\"738ae35\" data-element_type=\"section\" data-e-type=\"section\">\n\t\t\t\t\t\t<div class=\"elementor-container elementor-column-gap-default\">\n\t\t\t\t\t<div class=\"elementor-column elementor-col-100 elementor-top-column elementor-element elementor-element-e39ab03\" data-id=\"e39ab03\" data-element_type=\"column\" data-e-type=\"column\">\n\t\t\t<div class=\"elementor-widget-wrap elementor-element-populated\">\n\t\t\t\t\t\t<div class=\"elementor-element elementor-element-0440e7f elementor-widget elementor-widget-text-editor\" data-id=\"0440e7f\" data-element_type=\"widget\" data-e-type=\"widget\" data-widget_type=\"text-editor.default\">\n\t\t\t\t<div class=\"elementor-widget-container\">\n\t\t\t\t\t\t\t\t\t<p>En cumplimiento con lo dispuesto en La Ley Federal de Protecci\u00f3n de Datos Personales en Posesi\u00f3n de los Particulares, le informamos\u00a0nuestra Pol\u00edtica de Privacidad y manejo de datos personales:<\/p><h5><b>Responsable de la Protecci\u00f3n de sus Datos Personales<\/b><\/h5><p>Naturalia, comit\u00e9 para la conservaci\u00f3n de especies silvestres A.C., con domicilio en Augusto Rod\u00edn #40 interior 16, Colonia Ampliaci\u00f3n\u00a0N\u00e1poles, CP 03810, Delegaci\u00f3n Benito Ju\u00e1rez, Ciudad de M\u00e9xico, es responsable de recabar sus datos personales, del uso que se le d\u00e9 a los\u00a0mismos y de su protecci\u00f3n.<\/p><h5><b>Sistema de Datos Personales<\/b><\/h5><p>Constituye el conjunto ordenado de datos personales en posesi\u00f3n\u00a0de Naturalia, comit\u00e9 para la conservaci\u00f3n de especies silvestres A.C.<\/p><h5><b>Principios Rectores<\/b><\/h5><p>En el tratamiento de datos personales, se observar\u00e1n los principios de licitud, calidad, informaci\u00f3n, seguridad y consentimiento. Adem\u00e1s de\u00a0ser exactos, adecuados, pertinentes y no excesivos, para los fines que son recabados.<\/p><h5><b>Tratamiento de los datos personales<\/b><\/h5><p>Todo tratamiento de datos personales deber\u00e1 contar con el consentimiento inequ\u00edvoco de su titular, excepto cuando los datos de car\u00e1cter\u00a0personal se recaben para el ejercicio de las funciones propias de\u00a0Naturalia, comit\u00e9 para la conservaci\u00f3n de especies silvestres A.C; cuando\u00a0se refieran a un convenio, contrato o precontrato, de una relaci\u00f3n laboral, o administrativa en la que\u00a0Naturalia, comit\u00e9 para la conservaci\u00f3n\u00a0de especies silvestres A.C. sea parte y sean necesarios para su mantenimiento y cumplimiento.<br \/>El consentimiento deber\u00e1 ser de forma escrita, libre, expresa e informada.<\/p><h5><b>Fines de los datos personales recabados<\/b><\/h5><p>Su informaci\u00f3n personal ser\u00e1 utilizada para proveer los servicios y productos que ha solicitado, informarle sobre cambios en los mismos y\u00a0evaluar la calidad del servicio que le brindamos, mejorar los contenidos del sitio (www.naturalia.org.mx), modificar estructura y dise\u00f1o\u00a0para segmentos o en forma personalizada, notificar a nuestros usuarios sobre actualizaciones del sitio, mantener comunicaci\u00f3n de\u00a0mercadotecnia con usuarios, anunciantes, clientes y prospectos, permitir el acceso a nuestros servicios en l\u00ednea cuando se requiera nombre\u00a0de usuario y clave, ser utilizados en nuestros esfuerzos y estudios de marketing, mantener el sitio de Internet seguro y evitar fraudes, as\u00ed\u00a0como enviar estados de cuenta, cotizaciones o recibir sus pagos (que derivan de los servicios que le hemos proporcionado), los cuales ser\u00e1n\u00a0utilizados \u00fanica y exclusivamente para el cumplimiento del objeto de la ONG, as\u00ed como para la creaci\u00f3n de alianzas con organizaciones de\u00a0la sociedad civil, comunidades, empresarios y autoridades que nos permitan unificar esfuerzos y lograr un mayor impacto en nuestras\u00a0acciones.<\/p><h5><b>Datos y medios de obtenci\u00f3n de la informaci\u00f3n personal<\/b><\/h5><p>Para las finalidades se\u00f1aladas en el presente aviso de privacidad, podemos recabar sus datos personales de distintas formas: cuando usted\u00a0nos lo proporciona directamente; cuando visita nuestro sitio de Internet (www.naturalia.org.mx), cuando obtenemos informaci\u00f3n de otras\u00a0fuentes que est\u00e1n permitidas por la ley. Los datos personales que obtenemos pueden ser:<\/p><p>Nombre completo, sexo, domicilio, tel\u00e9fono, RFC, correo electr\u00f3nico, datos bancarios; informaci\u00f3n de cada visitante al sitio de\u00a0Naturalia,\u00a0comit\u00e9 para la conservaci\u00f3n de especies silvestres A.C. (nuestro Servidor Web autom\u00e1ticamente podr\u00e1 capturar, almacenar y utilizar el\u00a0nombre del dominio del usuario y datos referentes al navegador utilizado durante su visita).<\/p><p>En ocasiones compartimos la lista de direcciones de correo electr\u00f3nico que formamos de quienes nos visitan en el sitio\u00a0(www.naturalia.org.mx) y, aceptan recibir mensajes sobre ofertas y noticias, con organizaciones que cuentan con muy buena reputaci\u00f3n,\u00a0con la finalidad exclusiva de ofrecer promociones y servicios que consideramos ser\u00e1 de su inter\u00e9s.<\/p><p>Naturalia, comit\u00e9 para la conservaci\u00f3n de especies silvestres A.C.\u00a0no vende, ni renta la informaci\u00f3n de sus titulares, pues \u00e9sta es utilizada\u00a0en forma exclusiva en procesos internos.<\/p><h5><b>Datos personales que recabamos en forma directa<\/b><\/h5><p>Recabamos sus datos personales de forma directa cuando usted mismo nos lo proporciona, as\u00ed como para permitir el acceso a nuestros\u00a0servicios en el sitio web (www.naturalia.org.mx); estos recursos ser\u00e1n utilizados \u00fanica y exclusivamente para el cumplimiento del objeto\u00a0de la ONG.<\/p><p>Naturalia, comit\u00e9 para la conservaci\u00f3n de especies silvestres A.C.\u00a0asegurar\u00e1 el adecuado tratamiento de dichos datos personales con la\u00a0finalidad de impedir su transmisi\u00f3n il\u00edcita y lesiva a la dignidad e intimidad del afectado.<\/p><p>El titular puede dejar de recibir mensajes de correo electr\u00f3nico de nuestra parte en el futuro, siguiendo el proceso que se presenta en la\u00a0secci\u00f3n respectiva agregada a cada mensaje que recibe, o enviando un mensaje a \u00a0administracion@naturalia.org.mx<\/p><p>Todas las peticiones de baja de nuestros boletines, y cualquier base de datos de la que dispongamos, son respetadas y se confirman con un\u00a0mensaje de e-mail que se env\u00eda para permitir que el usuario tenga conocimiento de que ha sido removido de nuestra base de datos.<\/p><h5><b>Ejercicio de los derechos ARCO<\/b><\/h5><p>El Titular tiene derecho de acceder a los datos personales que poseemos, a saber el detalle del tratamiento de los mismos, a rectificarlos o\u00a0cancelarlos en el caso de ser inexactos, inadecuados, no pertinentes, excesivos o est\u00e9n incompletos, o cuando a su consideraci\u00f3n no son\u00a0necesarios para alguna de las finalidades contenidas en el presente Aviso de Privacidad, o al percatarse de que son utilizados para fines\u00a0distintos a los previamente consentidos.<\/p><h5><b>Mecanismo para el ejercicio de los derechos ARCO<\/b><\/h5><p>Los Derechos ARCO (acceso, rectificaci\u00f3n, cancelaci\u00f3n y oposici\u00f3n) se ejercer\u00e1n a trav\u00e9s de la presentaci\u00f3n de un escrito libre, firmado\u00a0por el interesado, por si o por medio de apoderado, en idioma espa\u00f1ol, que se deber\u00e1 ingresar de manera gratuita en el domicilio autorizado\u00a0para la recepci\u00f3n del mismo: Augusto Rodin 40 interior 16, Colonia Ampliaci\u00f3n N\u00e1poles, CP 03810, Delegaci\u00f3n Benito Ju\u00e1rez, Ciudad de\u00a0M\u00e9xico, o al correo electr\u00f3nico: \u00a0administracion@naturalia.org.mx<\/p><p>La solicitud de acceso, rectificaci\u00f3n, cancelaci\u00f3n u oposici\u00f3n de publicaci\u00f3n de datos deber\u00e1 ser promovida de manera escrita; conteniendo\u00a0al menos los siguientes datos:<\/p><div>\u2022 El nombre del interesado y, en su caso, de su representante legal, as\u00ed como el documento que acredite tal representaci\u00f3n o condici\u00f3n\u00a0legal.<\/div><div>\u2022 La expresi\u00f3n y acreditaci\u00f3n de su inter\u00e9s.<\/div><div>\u2022 El nombre del tercero interesado si lo hubiere.<\/div><div>\u2022 El se\u00f1alamiento, con la mayor precisi\u00f3n posible, del nombre y ubicaci\u00f3n del archivo o registro de datos, as\u00ed como de la persona que\u00a0recabo su informaci\u00f3n.<\/div><div>\u2022 La precisi\u00f3n de los datos personales que son materia de la solicitud de acceso, rectificaci\u00f3n, cancelaci\u00f3n u oposici\u00f3n a su publicaci\u00f3n.<\/div><div>\u2022 Las razones por las cuales se considera que en el registro o archivos de datos se\u00f1alado, obra informaci\u00f3n referida a su persona, y que la\u00a0misma le resulta discriminatoria, de riesgo para su integridad f\u00edsica, falsa o inexacta.<\/div><p>La promoci\u00f3n de la solicitud podr\u00e1 ser ejercida en cualquier momento.<\/p><h5><b>Revocaci\u00f3n<\/b><\/h5><p>En todo tiempo, el titular de los datos personales puede revocar el consentimiento que nos ha entregado para el tratamiento de sus datos\u00a0personales, con el prop\u00f3sito de que ya no se haga uso de los mismos, para ello es necesario que presente un escrito libre en el que se\u00a0contengan los siguientes datos:<\/p><div>\u2022 Nombre completo: nombre (s) y apellido (s)<\/div><div>\u2022 Copia simple (por los dos lados) de su identificaci\u00f3n oficial o, si es a trav\u00e9s de medios electr\u00f3nicos, versi\u00f3n digitalizada de la misma<\/div><div>\u2022 Tel\u00e9fono<\/div><div>\u2022 Domicilio o direcci\u00f3n electr\u00f3nica para o\u00edr y recibir notificaciones<\/div><div>\u2022 Revocaci\u00f3n del consentimiento para el tratamiento de los datos personales otorgados a\u00a0Naturalia, comit\u00e9 para la conservaci\u00f3n de\u00a0especies silvestres A.C.<\/div><div>\u2022 Firma<\/div><p>En un plazo m\u00e1ximo de treinta d\u00edas h\u00e1biles contados a partir de la fecha de recepci\u00f3n de su solicitud de revocaci\u00f3n se dar\u00e1 respuesta sobre\u00a0la procedencia de la misma, ya sea por medio de correo electr\u00f3nico dirigido a su persona, enviado a la direcci\u00f3n de correo electr\u00f3nico que\u00a0haya indicado en la propia solicitud, o, a trav\u00e9s de oficio entregado en el domicilio se\u00f1alado para tales efectos (en este caso, los treinta d\u00edas\u00a0h\u00e1biles se dar\u00e1n por cumplidos al momento de entregar el documento al servicio postal).<\/p><p>El responsable no estar\u00e1 obligado a cancelar los datos personales seg\u00fan lo previsto por La Ley Federal de Protecci\u00f3n de Datos Personal en\u00a0Posesi\u00f3n de los Particulares.<\/p><h5><b>Actualizaciones o modificaciones al Aviso de Privacidad<\/b><\/h5><p>Naturalia, comit\u00e9 para la conservaci\u00f3n de especies silvestres A.C.\u00a0 se reserva el derecho de efectuar, en cualquier tiempo, actualizaciones o\u00a0modificaciones al presente Aviso de Privacidad.<\/p><p>Las modificaciones que se efect\u00faen se pondr\u00e1n a disposici\u00f3n del p\u00fablico en general a trav\u00e9s de los siguientes medios de difusi\u00f3n: p\u00e1gina de\u00a0Internet (www.naturalia.org.mx), o a trav\u00e9s de correo electr\u00f3nico (en la direcci\u00f3n proporcionada por el titular de los datos personales).<\/p><h5><b>Contacto<\/b><\/h5><p>Para cualquier duda o aclaraci\u00f3n del presente, se podr\u00e1 redactar un escrito libre en idioma espa\u00f1ol, dirigido a la Direcci\u00f3n de\u00a0Administraci\u00f3n de\u00a0Naturalia, comit\u00e9 para la conservaci\u00f3n de especies silvestres A.C.\u00a0 y remitirlo a traves de los siguientes medios:<\/p><div><ul><li><span style=\"font-size: 15px; color: var( --e-global-color-text ); font-family: var( --e-global-typography-text-font-family ), Sans-serif;\">V\u00eda\u00a0correo electr\u00f3nico\u00a0a la siguiente direcci\u00f3n:<\/span><\/li><li><span style=\"color: var( --e-global-color-text ); font-family: var( --e-global-typography-text-font-family ), Sans-serif; font-size: 15px;\"><a href=\"mailto:administracion@naturalia.org.mx\">administracion@naturalia.org.mx<\/a><\/span><\/li><li><span style=\"color: var( --e-global-color-text ); font-family: var( --e-global-typography-text-font-family ), Sans-serif; font-size: 15px;\">Llamando al tel\u00e9fono:\u00a05559 6330<\/span><\/li><li><span style=\"color: var( --e-global-color-text ); font-family: var( --e-global-typography-text-font-family ), Sans-serif; font-size: 15px;\">V\u00eda correo postal al\u00a0domicilio:<\/span><\/li><li><span style=\"font-size: 15px; color: var( --e-global-color-text ); font-family: var( --e-global-typography-text-font-family ), Sans-serif;\">Augusto Rod\u00edn #40 interior 16<\/span><\/li><li><span style=\"font-size: 15px; color: var( --e-global-color-text ); font-family: var( --e-global-typography-text-font-family ), Sans-serif;\">Colonia Ampliaci\u00f3n N\u00e1poles<\/span><span style=\"font-size: 15px; color: var( --e-global-color-text ); font-family: var( --e-global-typography-text-font-family ), Sans-serif;\">CP 03810<\/span><span style=\"font-size: 15px; color: var( --e-global-color-text ); font-family: var( --e-global-typography-text-font-family ), Sans-serif;\">Delegaci\u00f3n Benito Ju\u00e1rez<\/span><\/li><li><span style=\"font-size: 15px; color: var( --e-global-color-text ); font-family: var( --e-global-typography-text-font-family ), Sans-serif;\">Ciudad de M\u00e9xico<\/span><\/li><\/ul><\/div><h5><b>Uso de cookies<\/b><\/h5><p>Le informamos que actualmente no utilizamos cookies, sin embargo, esto no impide que implementemos su uso en un futuro con la\u00a0finalidad de:<\/p><div>\u2022 Conocer preferencias de nuestros visitantes<\/div><div>\u2022 Analizar informaci\u00f3n sobre su visita<\/div><div>\u2022 Mantenimiento de un hist\u00f3rico de visitas y acciones de usuarios<\/div><div>\u2022 Detectar y corregir alg\u00fan problema que haya surgido durante su visita<\/div><p>Naturalia, comit\u00e9 para la conservaci\u00f3n de especies silvestres A.C.\u00a0no vende, ni renta la informaci\u00f3n con empresas que ofrecen el servicio\u00a0de anuncios en sitios y portales. As\u00ed mismo, el sitio www.naturalia.org.mx no mantiene relaci\u00f3n especial con alguna otra empresa similar u\u00a0ofreciendo tales servicios. Todo anuncio, banner, logotipo o marca que aparezca en forma de anunciante en el sitio www.naturalia.org.mx\u00a0es implementando a trav\u00e9s de nuestro propio servicio de venta de espacios publicitarios.<\/p><h5><b>Marco Normativo<\/b><\/h5><p>Art\u00edculo 6\u00ba y 16 de la Constituci\u00f3n Pol\u00edtica de los Estados Unidos Mexicanos.<br \/>Art\u00edculo 12 de la Declaraci\u00f3n Universal de los Derechos Humanos.<br \/>Art\u00edculo 11 del Pacto Internacional de Derechos Civiles y Pol\u00edticos, Convenci\u00f3n Americana sobre Derechos Humanos \u201cPacto San Jos\u00e9 de\u00a0Costa Rica\u201d.<br \/>Ley Federal de Protecci\u00f3n de Datos Personales en Posesi\u00f3n de Particulares.<\/p>\t\t\t\t\t\t\t\t<\/div>\n\t\t\t\t<\/div>\n\t\t\t\t\t<\/div>\n\t\t<\/div>\n\t\t\t\t\t<\/div>\n\t\t<\/section>\n\t\t\t\t<\/div>\n\t\t","protected":false},"excerpt":{"rendered":"<p>En cumplimiento con lo dispuesto en La Ley Federal de Protecci\u00f3n de Datos Personales en Posesi\u00f3n de los Particulares, le informamos\u00a0nuestra Pol\u00edtica de Privacidad y manejo de datos personales: Responsable de la Protecci\u00f3n de sus Datos Personales Naturalia, comit\u00e9 para la conservaci\u00f3n de especies silvestres A.C., con domicilio en Augusto Rod\u00edn #40 interior 16, Colonia [&hellip;]<\/p>\n","protected":false},"author":3,"featured_media":0,"parent":0,"menu_order":0,"comment_status":"closed","ping_status":"closed","template":"","meta":{"give_campaign_id":0,"_monsterinsights_skip_tracking":false,"_monsterinsights_sitenote_active":false,"_monsterinsights_sitenote_note":"","_monsterinsights_sitenote_category":0,"site-sidebar-layout":"no-sidebar","site-content-layout":"page-builder","ast-site-content-layout":"default","site-content-style":"default","site-sidebar-style":"default","ast-global-header-display":"","ast-banner-title-visibility":"","ast-main-header-display":"","ast-hfb-above-header-display":"","ast-hfb-below-header-display":"","ast-hfb-mobile-header-display":"","site-post-title":"disabled","ast-breadcrumbs-content":"","ast-featured-img":"disabled","footer-sml-layout":"","theme-transparent-header-meta":"","adv-header-id-meta":"","stick-header-meta":"","header-above-stick-meta":"","header-main-stick-meta":"","header-below-stick-meta":"","astra-migrate-meta-layouts":"default","ast-page-background-enabled":"default","ast-page-background-meta":{"desktop":{"background-color":"","background-image":"","background-repeat":"repeat","background-position":"center center","background-size":"auto","background-attachment":"scroll","background-type":"","background-media":"","overlay-type":"","overlay-color":"","overlay-opacity":"","overlay-gradient":""},"tablet":{"background-color":"","background-image":"","background-repeat":"repeat","background-position":"center center","background-size":"auto","background-attachment":"scroll","background-type":"","background-media":"","overlay-type":"","overlay-color":"","overlay-opacity":"","overlay-gradient":""},"mobile":{"background-color":"","background-image":"","background-repeat":"repeat","background-position":"center center","background-size":"auto","background-attachment":"scroll","background-type":"","background-media":"","overlay-type":"","overlay-color":"","overlay-opacity":"","overlay-gradient":""}},"ast-content-background-meta":{"desktop":{"background-color":"var(--ast-global-color-5)","background-image":"","background-repeat":"repeat","background-position":"center center","background-size":"auto","background-attachment":"scroll","background-type":"","background-media":"","overlay-type":"","overlay-color":"","overlay-opacity":"","overlay-gradient":""},"tablet":{"background-color":"var(--ast-global-color-5)","background-image":"","background-repeat":"repeat","background-position":"center center","background-size":"auto","background-attachment":"scroll","background-type":"","background-media":"","overlay-type":"","overlay-color":"","overlay-opacity":"","overlay-gradient":""},"mobile":{"background-color":"var(--ast-global-color-5)","background-image":"","background-repeat":"repeat","background-position":"center center","background-size":"auto","background-attachment":"scroll","background-type":"","background-media":"","overlay-type":"","overlay-color":"","overlay-opacity":"","overlay-gradient":""}},"footnotes":""},"class_list":["post-1703","page","type-page","status-publish","hentry"],"aioseo_notices":[],"campaignId":"","_links":{"self":[{"href":"https:\/\/naturalia.org.mx\/WP\/wp-json\/wp\/v2\/pages\/1703","targetHints":{"allow":["GET"]}}],"collection":[{"href":"https:\/\/naturalia.org.mx\/WP\/wp-json\/wp\/v2\/pages"}],"about":[{"href":"https:\/\/naturalia.org.mx\/WP\/wp-json\/wp\/v2\/types\/page"}],"author":[{"embeddable":true,"href":"https:\/\/naturalia.org.mx\/WP\/wp-json\/wp\/v2\/users\/3"}],"replies":[{"embeddable":true,"href":"https:\/\/naturalia.org.mx\/WP\/wp-json\/wp\/v2\/comments?post=1703"}],"version-history":[{"count":0,"href":"https:\/\/naturalia.org.mx\/WP\/wp-json\/wp\/v2\/pages\/1703\/revisions"}],"wp:attachment":[{"href":"https:\/\/naturalia.org.mx\/WP\/wp-json\/wp\/v2\/media?parent=1703"}],"curies":[{"name":"wp","href":"https:\/\/api.w.org\/{rel}","templated":true}]}}